{"id":2006,"date":"2025-08-14T22:28:16","date_gmt":"2025-08-14T20:28:16","guid":{"rendered":"https:\/\/vishnevskii.pro\/?page_id=2006"},"modified":"2025-09-01T16:42:24","modified_gmt":"2025-09-01T14:42:24","slug":"politica-de-privacidad","status":"publish","type":"page","link":"https:\/\/vishnevskii.pro\/en\/politica-de-privacidad\/","title":{"rendered":"Pol\u00edtica de privacidad"},"content":{"rendered":"<p>Vishnevskii Pro se encuentra profundamente comprometido con el cumplimiento de la normativa espa\u00f1ola de protecci\u00f3n de datos de car\u00e1cter personal, y garantiza el cumplimiento \u00edntegro de las obligaciones dispuestas, as\u00ed como la implementaci\u00f3n de las medidas de seguridad dispuestas en el<strong>&nbsp;Ley Org\u00e1nica 3\/2018, de Protecci\u00f3n de Datos Personales y garant\u00eda de los derechos digitales (LOPDGDD) y su Reglamento de Desarrollo<\/strong>, y de lo dispuesto en el&nbsp;<strong>Reglamento General de Protecci\u00f3n de Datos (RGPD) (UE) 2016\/679<\/strong>.<\/p>\n\n\n\n<p>De conformidad con estas normativas, desde&nbsp;<strong>Vishnevskii Pro&nbsp;<\/strong>informamos que la utilizaci\u00f3n de nuestra p\u00e1gina web puede requerir que se nos faciliten ciertos datos personales a trav\u00e9s de formularios de registro o contacto, o mediante el env\u00edo de emails, y que \u00e9stos ser\u00e1n objeto de tratamiento por&nbsp;<strong>Vishnevskii Pro<\/strong>.<\/p>\n\n\n\n<p>El env\u00edo de estos datos personales constituye el consentimiento expreso al tratamiento de los mismos, si bien este consentimiento es de car\u00e1cter revocable.<\/p>\n\n\n\n<p>A trav\u00e9s de este texto, informamos a los usuarios respecto del tratamiento y protecci\u00f3n de los datos de car\u00e1cter personal de los usuarios y clientes que puedan ser recabados por la navegaci\u00f3n, adquisici\u00f3n de productos o contrataci\u00f3n de servicios a trav\u00e9s de su sitio web. En este sentido,&nbsp;<strong>Vishnevskii Pro<\/strong>&nbsp;garantiza el cumplimiento de la normativa vigente en materia de protecci\u00f3n de datos personales, reflejada en la&nbsp;<strong>Ley Org\u00e1nica 3\/2018, de Protecci\u00f3n de Datos Personales y garant\u00eda de los derechos digitales (LOPDGDD) y su Reglamento de Desarrollo<\/strong>, y de lo dispuesto en el&nbsp;<strong>Reglamento General de Protecci\u00f3n de Datos (RGPD) (UE) 2016\/679<\/strong>.<\/p>\n\n\n\n<p><strong>Responsable del tratamiento:<\/strong><\/p>\n\n\n\n<p>-Denominaci\u00f3n Social: NIKITA VISHNEVSKII<\/p>\n\n\n\n<p>-NIF: Z1285867B<\/p>\n\n\n\n<p>-Nombre Comercial: VISHNEVSKII PRO<\/p>\n\n\n\n<p>-Domicilio Social: Carrer Cardenal Belluga, 3, 2\u00ba Izquierda, 03005 Alicante<\/p>\n\n\n\n<p>-Responsable de Seguridad: Nikita Vishnevskii<\/p>\n\n\n\n<p>Datos de Contacto:<\/p>\n\n\n\n<p>\u2013 Tel\u00e9fono: [Tel\u00e9fono]<\/p>\n\n\n\n<p>\u2013 Email: <a href=\"mailto:nick@vishnevskii.pro\">nick@vishnevskii.pro<\/a><\/p>\n\n\n\n<p>\u2013 Formulario de contacto: <a href=\"https:\/\/vishnevskii.pro\/en\/contacto\/\">https:\/\/vishnevskii.pro\/contact<\/a><\/p>\n\n\n\n<p>Registros:<\/p>\n\n\n\n<p>-Registro de Tratamientos conforme al RGPD: Clientes,Proveedores, Empleados y Usuarios Web.<\/p>\n\n\n\n<p>-Nombre de dominio (sitio web): https:\/\/vishnevskii.pro\/<\/p>\n\n\n\n<p><strong>FINALIDAD DEL TRATAMIENTO<\/strong><\/p>\n\n\n\n<p>La informaci\u00f3n suya que nos facilita, se utiliza con la \u00fanica finalidad de gestionar los servicios y productos demandados. Adem\u00e1s le facilitamos informaci\u00f3n acerca de novedades, productos y nuevos servicios, a trav\u00e9s de los medios que nos ha facilitado para hacerlo: mail, direcci\u00f3n postal e incluso llamadas telef\u00f3nicas.<\/p>\n\n\n\n<p>La recogida y tratamiento automatizado de los datos personales, como consecuencia de la navegaci\u00f3n por las p\u00e1ginas del PORTAL, de la consulta, solicitud, pedido de productos o suscripci\u00f3n de cualquier servicio\/s, promoci\u00f3n\/es o concurso\/s, de los ofrecidos por&nbsp;<strong>Vishnevskii Pro<\/strong>, tiene como finalidad adem\u00e1s de proporcionar al USUARIO una experiencia personalizada en la Red de los sitios de&nbsp;<strong>Vishnevskii Pro<\/strong>, el mantenimiento de la relaci\u00f3n contractual establecida entre ambos (incluyendo el contacto telef\u00f3nico), as\u00ed como la gesti\u00f3n, administraci\u00f3n, prestaci\u00f3n, ampliaci\u00f3n y mejora de los servicios en los que el USUARIO decida suscribirse, darse de alta o utilizar, y la adecuaci\u00f3n de dichos servicios a las preferencias y gustos de los USUARIOS.<\/p>\n\n\n\n<p><strong>MEDIDAS DE SEGURIDAD<\/strong><\/p>\n\n\n\n<p>En cumplimiento de la legislaci\u00f3n vigente en materia de protecci\u00f3n de datos, se informa a los usuarios de que, en&nbsp;<strong>Vishnevskii Pro<\/strong>, se han adoptado las medidas t\u00e9cnicas y organizativas conforme a lo dispuesto en la citada normativa. Los datos personales que se recogen en los formularios son objeto de tratamiento, \u00fanicamente, por parte del personal de&nbsp;<strong>Vishnevskii Pro<\/strong>&nbsp;o de los Encargados del Tratamiento aqu\u00ed establecidos. Se han adoptado las medidas de seguridad adecuadas a los datos que se facilitan y, adem\u00e1s, se han instalado todos los medios y medidas t\u00e9cnicas a su alcance para evitar la p\u00e9rdida, mal uso, alteraci\u00f3n, acceso no autorizado y robo de los datos que nos facilitan.<\/p>\n\n\n\n<p><strong>VERACIDAD DE LOS DATOS<\/strong><\/p>\n\n\n\n<p>El Cliente o Usuario manifiesta que todos los datos facilitados por \u00e9l son ciertos y correctos y se compromete a mantenerlos actualizados, comunicando, a&nbsp;<strong>Vishnevskii Pro<\/strong>, cualquier modificaci\u00f3n de los mismos. El usuario responder\u00e1 de la veracidad de sus datos y ser\u00e1 el \u00fanico responsable de cuantos conflictos o litigios pudieran resultar por la falsedad de los mismos. Es importante que, para que podamos mantener los datos personales actualizados, el usuario informe a&nbsp;<strong>Vishnevskii Pro<\/strong>&nbsp;siempre que haya habido alguna modificaci\u00f3n en los mismos. En caso contrario, no podemos responder de su veracidad.<\/p>\n\n\n\n<p><strong>EJERCICIO DE DERECHOS<\/strong><\/p>\n\n\n\n<p>La LOPD y el RGPD concede a los interesados la posibilidad de ejercer una serie de derechos relacionados con el tratamiento de sus datos personales. En tanto en cuanto los datos del usuario son objeto de tratamiento por parte de&nbsp;<strong>Vishnevskii Pro<\/strong>&nbsp;, \u00e9stos podr\u00e1n ejercer sus derechos. Para ello, el usuario deber\u00e1 dirigirse, aportando documentaci\u00f3n que acredite su identidad (DNI o pasaporte), mediante correo electr\u00f3nico a<strong>&nbsp;<a href=\"mailto:nick@vishnevskii.pro\">nick@vishnevskii.pro<\/a><\/strong>, o bien mediante comunicaci\u00f3n escrita a la direcci\u00f3n que aparece en nuestro aviso legal. Dicha comunicaci\u00f3n deber\u00e1 reflejar la siguiente informaci\u00f3n:<\/p>\n\n\n\n<p>Nombre y apellidos del usuario, la petici\u00f3n de solicitud, el domicilio y los datos acreditativos.<\/p>\n\n\n\n<p>El ejercicio de derechos deber\u00e1 ser realizado por el propio usuario. No obstante, podr\u00e1n ser ejecutados por una persona autorizada como representante legal del autorizado. En tal caso, se deber\u00e1 aportar la documentaci\u00f3n que acredite esta representaci\u00f3n del interesado.<\/p>\n\n\n\n<p><strong>El usuario podr\u00e1 solicitar el ejercicio de los derechos siguientes<\/strong>:<\/p>\n\n\n\n<ul class=\"wp-block-list\">\n<li>Derecho a solicitar el acceso a los datos personales.<\/li>\n\n\n\n<li>Derecho a solicitar su rectificaci\u00f3n (en caso de que sean incorrectos) o supresi\u00f3n.<\/li>\n\n\n\n<li>Derecho a solicitar la limitaci\u00f3n de su tratamiento, en cuyo caso \u00fanicamente ser\u00e1n conservados por&nbsp;<strong>Vishnevskii Pro<\/strong>&nbsp;para el ejercicio o la defensa de reclamaciones.<\/li>\n\n\n\n<li>Derecho a oponerse al tratamiento:&nbsp;<strong>Vishnevskii Pro&nbsp;<\/strong>dejar\u00e1 de tratar sus datos, salvo que por motivos leg\u00edtimos o el ejercicio o la defensa de posibles reclamaciones se tengan que seguir tratando.<\/li>\n\n\n\n<li>Derecho a la portabilidad de los datos: en caso de que quiera que sus datos sean tratados por otra firma,&nbsp;<strong>Vishnevskii Pro<\/strong>&nbsp;le facilitar\u00e1 la portabilidad de sus datos al nuevo responsable.<\/li>\n<\/ul>\n\n\n\n<p>En el caso de que se haya otorgado el consentimiento para alguna finalidad espec\u00edfica, el usuario tiene derecho a retirar el consentimiento en cualquier momento, sin que ello afecte a la licitud del tratamiento basado en el consentimiento previo a su retirada.<\/p>\n\n\n\n<p>Si un usuario considera que hay un problema con la forma en que&nbsp;<strong>Vishnevskii Pro<\/strong>&nbsp;est\u00e1 manejando sus datos, puede dirigir sus reclamaciones al Responsable de Seguridad o a la autoridad de protecci\u00f3n de datos que corresponda, siendo la Agencia Espa\u00f1ola de Protecci\u00f3n de Datos la indicada en el caso de Espa\u00f1a.<\/p>\n\n\n\n<p><strong>CONSERVACI\u00d3N DE LOS DATOS<\/strong><\/p>\n\n\n\n<p>Los datos desagregados ser\u00e1n conservados sin plazo de supresi\u00f3n. En cuanto a los datos de Clientes, el per\u00edodo de conservaci\u00f3n de los datos personales variar\u00e1 en funci\u00f3n del servicio que el Cliente contrate. En cualquier caso, ser\u00e1 el m\u00ednimo necesario, pudiendo mantenerse hasta:<\/p>\n\n\n\n<p><strong>4 a\u00f1os<\/strong>: Ley sobre Infracciones y Sanciones en el Orden Social (obligaciones en materia de afiliaci\u00f3n, altas, bajas, cotizaci\u00f3n, pago de salarios\u2026); Arts. 66 y sig. Ley General Tributaria (libros de contabilidad\u2026)<\/p>\n\n\n\n<p><strong>5 a\u00f1os<\/strong>: Art. 1964 C\u00f3digo Civil (acciones personales sin plazo especial)<\/p>\n\n\n\n<p><strong>6 a\u00f1os<\/strong>: Art. 30 C\u00f3digo de Comercio (libros de contabilidad, facturas\u2026)<\/p>\n\n\n\n<p><strong>10 a\u00f1os<\/strong>: Art. 25 Ley de Prevenci\u00f3n del Blanqueo de Capitales y Financiaci\u00f3n del Terrorismo.<\/p>\n\n\n\n<p>Los usuarios de listas de correo o los subidos por&nbsp;<strong>Vishnevskii Pro<\/strong>&nbsp;a p\u00e1ginas o perfiles de RRSS, se conservar\u00e1n hasta que el usuario retire el consentimiento.<\/p>\n\n\n\n<p>Datos de candidatos (C.V.), de haberlos: En caso de que el candidato no sea seleccionado,<strong>&nbsp;Vishnevskii Pro<\/strong>&nbsp;podr\u00e1 mantener almacenado su curr\u00edculo un m\u00e1ximo de dos a\u00f1os para incorporarlo a futuras convocatorias, a menos que el candidato se manifieste en contrario.<\/p>\n\n\n\n<p><strong>OBTENCI\u00d3N Y TRATAMIENTO DE DATOS<\/strong><\/p>\n\n\n\n<p><strong>Vishnevskii Pro<\/strong>&nbsp;tiene el deber de informar a los usuarios de su sitio web acerca de la recogida de datos de car\u00e1cter personal que pueden llevarse a cabo, bien sea mediante el env\u00edo de correo electr\u00f3nico o al cumplimentar los formularios incluidos en el sitio web. En este sentido,&nbsp;<strong>Vishnevskii Pro<\/strong>&nbsp;ser\u00e1 considerada como Responsable de los datos recabados mediante los medios anteriormente descritos.<\/p>\n\n\n\n<p>A su vez&nbsp;<strong>Vishnevskii Pro<\/strong>&nbsp;informa a los usuarios de que la finalidad del tratamiento de los datos recabados contempla la atenci\u00f3n de solicitudes realizadas por los usuarios, la inclusi\u00f3n en la agenda de contactos, la prestaci\u00f3n de productos o servicios y la gesti\u00f3n de la relaci\u00f3n comercial. Las operaciones, gestiones y procedimientos t\u00e9cnicos que se realicen de forma automatizada o no automatizada y que posibiliten la recogida, el almacenamiento, la modificaci\u00f3n, la transferencia y otras acciones sobre datos de car\u00e1cter personal, tienen la consideraci\u00f3n de Tratamiento de datos personales.<\/p>\n\n\n\n<p><strong>Vishnevskii Pro<\/strong>&nbsp;pone a disposici\u00f3n de los usuarios una serie de mecanismos telem\u00e1ticos para la recogida y tratamiento de sus datos personales, con las finalidades previstas anteriormente. Los datos personales proporcionados de manera telem\u00e1tica, bien sea a trav\u00e9s de email, de los formularios de contacto de esta web o contrataciones online ser\u00e1n utilizados para la gesti\u00f3n comercial y administrativa de los clientes y usuarios de la empresa. Estos datos, ser\u00e1n tratados a trav\u00e9s de servidores gestionados por&nbsp;<strong>Xperia Digital S.L<\/strong>&nbsp;e&nbsp;<strong>IONOS Cloud S.L.U.<\/strong>, que tambi\u00e9n son las empresas prestadoras de los servicios de correo electr\u00f3nico, y, que tendr\u00e1n la consideraci\u00f3n de Encargados del Tratamiento.<\/p>\n\n\n\n<p>Tal y como establece la LSSICE,&nbsp;<strong>Vishnevskii Pro<\/strong>&nbsp;se compromete a no remitir comunicaciones comerciales sin identificarlas como tales. A estos efectos, no ser\u00e1 considerada como comunicaci\u00f3n comercial la informaci\u00f3n enviada a los clientes para el mantenimiento de la relaci\u00f3n contractual existente.<\/p>\n\n\n\n<p>En cualquier caso, se obtendr\u00e1n \u00fanicamente los datos precisos para poder realizar el servicio contratado, o para poder responder adecuadamente a la petici\u00f3n de informaci\u00f3n realizada por el usuario.<\/p>\n\n\n\n<p>En ocasiones, los datos personales se proporcionar\u00e1n a trav\u00e9s de enlaces a sitios web de terceros. En este caso, en ning\u00fan momento el personal de&nbsp;<strong>Vishnevskii Pro<\/strong>&nbsp;tendr\u00e1 acceso a los datos personales que el Cliente facilite a dichos terceros.<\/p>\n\n\n\n<p><strong>COMUNICACI\u00d3N DE INFORMACI\u00d3N A TERCEROS<\/strong><\/p>\n\n\n\n<p><strong>Vishnevskii Pro<\/strong>&nbsp;no ceder\u00e1 ni comunicar\u00e1 a ning\u00fan tercero tus datos, excepto en los casos legalmente previstos o cuando la prestaci\u00f3n de un servicio implique la necesidad de una relaci\u00f3n contractual con un encargado de tratamiento, y siempre de acuerdo con las condiciones generales aprobadas por el usuario con anterioridad a la contrataci\u00f3n del mismo. As\u00ed, al contratar nuestros servicios, el usuario acepta que alguno de los mismos pueda ser, total o parcialmente, subcontratados a otras personas o empresas, que tendr\u00e1n la consideraci\u00f3n de Encargados del Tratamiento, con los que se ha convenido el correspondiente contrato de confidencialidad, o adherido a sus pol\u00edticas de privacidad, establecidas en sus respectivas p\u00e1ginas web. Tambi\u00e9n acepta que algunos de los datos personales recabados sean facilitados a estos Encargados del Tratamiento, cuando sea necesario para la efectiva realizaci\u00f3n del servicio contratado.<\/p>\n\n\n\n<p>El usuario podr\u00e1 negarse a la cesi\u00f3n de tus datos a los Encargados del Tratamiento, mediante petici\u00f3n escrita, por cualquiera de los medios anteriormente referenciados.<\/p>\n\n\n\n<p><strong>Encargados del tratamiento:<\/strong><\/p>\n\n\n\n<p><strong>Xperia Digital S.L<\/strong>&nbsp;(Onlinehuelva) como empresa encargada del mantenimiento y soporte t\u00e9cnico de nuestro sitio web, as\u00ed como del mantenimiento y gesti\u00f3n del servicio de alojamiento web y correo corporativo.<\/p>\n\n\n\n<p><strong>IONOS Cloud S.L.U.&nbsp;<\/strong>, como empresa encargada de la gesti\u00f3n de los centros de datos donde se alojan los servidores en los que se hospeda nuestro sitio web as\u00ed como de la gesti\u00f3n del servicio de correo electr\u00f3nico corporativo.<\/p>\n\n\n\n<p><strong>CONFIDENCIALIDAD<\/strong><\/p>\n\n\n\n<p>La informaci\u00f3n suministrada por el cliente tendr\u00e1, en todo caso, la consideraci\u00f3n de confidencial, sin que pueda ser utilizada para otros fines que los relacionados con los servicios contratados o productos adquiridos a&nbsp;<strong>Vishnevskii Pro<\/strong>.&nbsp;<strong>Vishnevskii Pro<\/strong>&nbsp;se obliga a no divulgar ni revelar informaci\u00f3n sobre las pretensiones del cliente, los motivos del asesoramiento solicitado o la duraci\u00f3n de su relaci\u00f3n con este.<\/p>\n\n\n\n<p><strong>VALIDEZ<\/strong><\/p>\n\n\n\n<p>Esta pol\u00edtica de privacidad y de protecci\u00f3n de datos ha sido redactada a d\u00eda&nbsp;<strong>10 de mayo de 2025<\/strong>, y podr\u00e1 variar en funci\u00f3n de los cambios de normativa y jurisprudencia que se vayan produciendo, siendo responsabilidad del titular de los datos la lectura del documento actualizado, en orden a conocer sus derechos y obligaciones al respecto en cada momento.<\/p>","protected":false},"excerpt":{"rendered":"<p>Vishnevskii Pro se encuentra profundamente comprometido con el cumplimiento de la normativa espa\u00f1ola de protecci\u00f3n de datos de car\u00e1cter personal,&#8230;<\/p>","protected":false},"author":3,"featured_media":0,"parent":0,"menu_order":0,"comment_status":"closed","ping_status":"closed","template":"","meta":{"_acf_changed":false,"footnotes":""},"class_list":["post-2006","page","type-page","status-publish","hentry"],"acf":[],"yoast_head":"<!-- This site is optimized with the Yoast SEO Premium plugin v25.6 (Yoast SEO v27.2) - https:\/\/yoast.com\/product\/yoast-seo-premium-wordpress\/ -->\n<title>Pol\u00edtica de privacidad - Nick Vishnevskii<\/title>\n<meta name=\"robots\" content=\"index, follow, max-snippet:-1, max-image-preview:large, max-video-preview:-1\" \/>\n<link rel=\"canonical\" href=\"https:\/\/vishnevskii.pro\/en\/politica-de-privacidad\/\" \/>\n<meta property=\"og:locale\" content=\"en_GB\" \/>\n<meta property=\"og:type\" content=\"article\" \/>\n<meta property=\"og:title\" content=\"Pol\u00edtica de privacidad\" \/>\n<meta property=\"og:description\" content=\"Vishnevskii Pro se encuentra profundamente comprometido con el cumplimiento de la normativa espa\u00f1ola de protecci\u00f3n de datos de car\u00e1cter personal,...\" \/>\n<meta property=\"og:url\" content=\"https:\/\/vishnevskii.pro\/en\/politica-de-privacidad\/\" \/>\n<meta property=\"og:site_name\" content=\"Nick Vishnevskii\" \/>\n<meta property=\"article:modified_time\" content=\"2025-09-01T14:42:24+00:00\" \/>\n<meta name=\"twitter:card\" content=\"summary_large_image\" \/>\n<meta name=\"twitter:label1\" content=\"Estimated reading time\" \/>\n\t<meta name=\"twitter:data1\" content=\"10 minutes\" \/>\n<script type=\"application\/ld+json\" class=\"yoast-schema-graph\">{\"@context\":\"https:\/\/schema.org\",\"@graph\":[{\"@type\":\"WebPage\",\"@id\":\"https:\/\/vishnevskii.pro\/politica-de-privacidad\/\",\"url\":\"https:\/\/vishnevskii.pro\/politica-de-privacidad\/\",\"name\":\"Pol\u00edtica de privacidad - Nick Vishnevskii\",\"isPartOf\":{\"@id\":\"https:\/\/vishnevskii.pro\/#website\"},\"datePublished\":\"2025-08-14T20:28:16+00:00\",\"dateModified\":\"2025-09-01T14:42:24+00:00\",\"breadcrumb\":{\"@id\":\"https:\/\/vishnevskii.pro\/politica-de-privacidad\/#breadcrumb\"},\"inLanguage\":\"en-GB\",\"potentialAction\":[{\"@type\":\"ReadAction\",\"target\":[\"https:\/\/vishnevskii.pro\/politica-de-privacidad\/\"]}]},{\"@type\":\"BreadcrumbList\",\"@id\":\"https:\/\/vishnevskii.pro\/politica-de-privacidad\/#breadcrumb\",\"itemListElement\":[{\"@type\":\"ListItem\",\"position\":1,\"name\":\"Home\",\"item\":\"https:\/\/vishnevskii.pro\/\"},{\"@type\":\"ListItem\",\"position\":2,\"name\":\"Pol\u00edtica de privacidad\"}]},{\"@type\":\"WebSite\",\"@id\":\"https:\/\/vishnevskii.pro\/#website\",\"url\":\"https:\/\/vishnevskii.pro\/\",\"name\":\"Nick Vishnevskii\",\"description\":\"\",\"publisher\":{\"@id\":\"https:\/\/vishnevskii.pro\/#organization\"},\"potentialAction\":[{\"@type\":\"SearchAction\",\"target\":{\"@type\":\"EntryPoint\",\"urlTemplate\":\"https:\/\/vishnevskii.pro\/?s={search_term_string}\"},\"query-input\":{\"@type\":\"PropertyValueSpecification\",\"valueRequired\":true,\"valueName\":\"search_term_string\"}}],\"inLanguage\":\"en-GB\"},{\"@type\":\"Organization\",\"@id\":\"https:\/\/vishnevskii.pro\/#organization\",\"name\":\"Nick Vishnevskii\",\"url\":\"https:\/\/vishnevskii.pro\/\",\"logo\":{\"@type\":\"ImageObject\",\"inLanguage\":\"en-GB\",\"@id\":\"https:\/\/vishnevskii.pro\/#\/schema\/logo\/image\/\",\"url\":\"https:\/\/vishnevskii.pro\/wp-content\/uploads\/2025\/06\/Nikita-Vishnevskii.png\",\"contentUrl\":\"https:\/\/vishnevskii.pro\/wp-content\/uploads\/2025\/06\/Nikita-Vishnevskii.png\",\"width\":217,\"height\":76,\"caption\":\"Nick Vishnevskii\"},\"image\":{\"@id\":\"https:\/\/vishnevskii.pro\/#\/schema\/logo\/image\/\"}}]}<\/script>\n<!-- \/ Yoast SEO Premium plugin. -->","yoast_head_json":{"title":"Pol\u00edtica de privacidad - Nick Vishnevskii","robots":{"index":"index","follow":"follow","max-snippet":"max-snippet:-1","max-image-preview":"max-image-preview:large","max-video-preview":"max-video-preview:-1"},"canonical":"https:\/\/vishnevskii.pro\/en\/politica-de-privacidad\/","og_locale":"en_GB","og_type":"article","og_title":"Pol\u00edtica de privacidad","og_description":"Vishnevskii Pro se encuentra profundamente comprometido con el cumplimiento de la normativa espa\u00f1ola de protecci\u00f3n de datos de car\u00e1cter personal,...","og_url":"https:\/\/vishnevskii.pro\/en\/politica-de-privacidad\/","og_site_name":"Nick Vishnevskii","article_modified_time":"2025-09-01T14:42:24+00:00","twitter_card":"summary_large_image","twitter_misc":{"Estimated reading time":"10 minutes"},"schema":{"@context":"https:\/\/schema.org","@graph":[{"@type":"WebPage","@id":"https:\/\/vishnevskii.pro\/politica-de-privacidad\/","url":"https:\/\/vishnevskii.pro\/politica-de-privacidad\/","name":"Pol\u00edtica de privacidad - Nick Vishnevskii","isPartOf":{"@id":"https:\/\/vishnevskii.pro\/#website"},"datePublished":"2025-08-14T20:28:16+00:00","dateModified":"2025-09-01T14:42:24+00:00","breadcrumb":{"@id":"https:\/\/vishnevskii.pro\/politica-de-privacidad\/#breadcrumb"},"inLanguage":"en-GB","potentialAction":[{"@type":"ReadAction","target":["https:\/\/vishnevskii.pro\/politica-de-privacidad\/"]}]},{"@type":"BreadcrumbList","@id":"https:\/\/vishnevskii.pro\/politica-de-privacidad\/#breadcrumb","itemListElement":[{"@type":"ListItem","position":1,"name":"Home","item":"https:\/\/vishnevskii.pro\/"},{"@type":"ListItem","position":2,"name":"Pol\u00edtica de privacidad"}]},{"@type":"WebSite","@id":"https:\/\/vishnevskii.pro\/#website","url":"https:\/\/vishnevskii.pro\/","name":"Nick Vishnevskii","description":"","publisher":{"@id":"https:\/\/vishnevskii.pro\/#organization"},"potentialAction":[{"@type":"SearchAction","target":{"@type":"EntryPoint","urlTemplate":"https:\/\/vishnevskii.pro\/?s={search_term_string}"},"query-input":{"@type":"PropertyValueSpecification","valueRequired":true,"valueName":"search_term_string"}}],"inLanguage":"en-GB"},{"@type":"Organization","@id":"https:\/\/vishnevskii.pro\/#organization","name":"Nick Vishnevskii","url":"https:\/\/vishnevskii.pro\/","logo":{"@type":"ImageObject","inLanguage":"en-GB","@id":"https:\/\/vishnevskii.pro\/#\/schema\/logo\/image\/","url":"https:\/\/vishnevskii.pro\/wp-content\/uploads\/2025\/06\/Nikita-Vishnevskii.png","contentUrl":"https:\/\/vishnevskii.pro\/wp-content\/uploads\/2025\/06\/Nikita-Vishnevskii.png","width":217,"height":76,"caption":"Nick Vishnevskii"},"image":{"@id":"https:\/\/vishnevskii.pro\/#\/schema\/logo\/image\/"}}]}},"_links":{"self":[{"href":"https:\/\/vishnevskii.pro\/en\/wp-json\/wp\/v2\/pages\/2006","targetHints":{"allow":["GET"]}}],"collection":[{"href":"https:\/\/vishnevskii.pro\/en\/wp-json\/wp\/v2\/pages"}],"about":[{"href":"https:\/\/vishnevskii.pro\/en\/wp-json\/wp\/v2\/types\/page"}],"author":[{"embeddable":true,"href":"https:\/\/vishnevskii.pro\/en\/wp-json\/wp\/v2\/users\/3"}],"replies":[{"embeddable":true,"href":"https:\/\/vishnevskii.pro\/en\/wp-json\/wp\/v2\/comments?post=2006"}],"version-history":[{"count":2,"href":"https:\/\/vishnevskii.pro\/en\/wp-json\/wp\/v2\/pages\/2006\/revisions"}],"predecessor-version":[{"id":2879,"href":"https:\/\/vishnevskii.pro\/en\/wp-json\/wp\/v2\/pages\/2006\/revisions\/2879"}],"wp:attachment":[{"href":"https:\/\/vishnevskii.pro\/en\/wp-json\/wp\/v2\/media?parent=2006"}],"curies":[{"name":"wp","href":"https:\/\/api.w.org\/{rel}","templated":true}]}}