{"id":2004,"date":"2025-08-14T22:25:05","date_gmt":"2025-08-14T20:25:05","guid":{"rendered":"https:\/\/vishnevskii.pro\/?page_id=2004"},"modified":"2025-09-01T16:42:28","modified_gmt":"2025-09-01T14:42:28","slug":"politica-de-cookies","status":"publish","type":"page","link":"https:\/\/vishnevskii.pro\/en\/politica-de-cookies\/","title":{"rendered":"Pol\u00edtica de cookies"},"content":{"rendered":"<p>Este sitio web, al igual que la mayor\u00eda de los sitios en Internet, usa Cookies para mejorar y optimizar la experiencia del usuario. A continuaci\u00f3n, encontrar\u00e1s informaci\u00f3n detallada sobre qu\u00e9 son las \u201cCookies\u201d, qu\u00e9 tipolog\u00eda utiliza este sitio web, c\u00f3mo puedes desactivarlas en tu navegador y c\u00f3mo bloquear espec\u00edficamente la instalaci\u00f3n de Cookies de terceros.<\/p>\n\n\n\n<p id=\"block-677b1d12-5149-47ad-a1fa-b18d64caccfa\"><strong>Responsable del tratamiento:<\/strong><\/p>\n\n\n\n<p>-Denominaci\u00f3n Social: NIKITA VISHNEVSKII<\/p>\n\n\n\n<p>-NIF: Z1285867B<\/p>\n\n\n\n<p>-Nombre Comercial: VISHNEVSKII PRO<\/p>\n\n\n\n<p>-Domicilio Social: Carrer Cardenal Belluga, 3, 2\u00ba Izquierda, 03005 Alicante<\/p>\n\n\n\n<p>-Responsable de Seguridad: Nikita Vishnevskii<\/p>\n\n\n\n<p>Datos de Contacto:<\/p>\n\n\n\n<p>\u2013 Tel\u00e9fono: [Tel\u00e9fono]<\/p>\n\n\n\n<p>\u2013 Email: <a href=\"mailto:nick@vishnevskii.pro\">nick@vishnevskii.pro<\/a><\/p>\n\n\n\n<p>\u2013 Formulario de contacto: <a href=\"https:\/\/vishnevskii.pro\/en\/contacto\/\">https:\/\/vishnevskii.pro\/contact<\/a><\/p>\n\n\n\n<p>Registros:<\/p>\n\n\n\n<p id=\"block-9f8dac91-fd81-462c-a0df-239a0f51f639\">-Registro de Tratamientos conforme al RGPD: Clientes,Proveedores, Empleados y Usuarios Web.<\/p>\n\n\n\n<p id=\"block-fe73194d-ed62-4cae-b47b-eafdcd3a4a3d\">-Nombre de dominio (sitio web): https:\/\/vishnevskii.pro\/<\/p>\n\n\n\n<p><strong><br>\u00bfQu\u00e9 son las Cookies?<\/strong><\/p>\n\n\n\n<p>Las cookies son archivos de datos que se descargan en su ordenador o dispositivo m\u00f3vil cuando visita un sitio web o aplicaci\u00f3n. Las cookies son herramientas que tienen un papel esencial para la prestaci\u00f3n de numerosos servicios de la sociedad de la informaci\u00f3n. Entre otros, permiten a una p\u00e1gina web almacenar y recuperar informaci\u00f3n sobre los h\u00e1bitos de navegaci\u00f3n de un usuario o de su equipo y, dependiendo de la informaci\u00f3n obtenida, se pueden utilizar para reconocer al usuario y mejorar el servicio ofrecido.<\/p>\n\n\n\n<p><strong>\u00bfQu\u00e9 tipos de cookies existen?<\/strong><\/p>\n\n\n\n<p>Seg\u00fan la entidad, el plazo o la finalidad para la que se traten los datos obtenidos a trav\u00e9s de las cookies, \u00e9stas pueden ser:<\/p>\n\n\n\n<p><strong>Seg\u00fan la entidad que gestione el dominio:<\/strong><\/p>\n\n\n\n<p><strong>Cookies propias<\/strong>: Aquellas que se env\u00edan al equipo terminal del usuario desde un equipo o dominio gestionado por el propio editor y desde el que se presta el servicio solicitado por el usuario.<\/p>\n\n\n\n<p><strong>Cookies de terceros<\/strong>: Aquellas que se env\u00edan al equipo terminal del usuario desde un equipo o dominio que no es gestionado por el editor, sino por otra entidad que trata los datos obtenidos trav\u00e9s de las cookies. En el caso de que las cookies sean instaladas desde un equipo o dominio gestionado por el propio editor pero la informaci\u00f3n que se recoja mediante \u00e9stas sea gestionada por un tercero, no pueden ser consideradas como cookies propias.<\/p>\n\n\n\n<p><strong>Seg\u00fan el plazo de tiempo que permanecen almacenadas:<\/strong><\/p>\n\n\n\n<p><strong>Cookies de sesi\u00f3n<\/strong>: Dise\u00f1adas para recabar y almacenar datos mientras el usuario accede a una p\u00e1gina web. Se suelen emplear para almacenar informaci\u00f3n que solo interesa conservar para la prestaci\u00f3n del servicio solicitado por el usuario en una sola ocasi\u00f3n (p.e. una lista de productos adquiridos).<\/p>\n\n\n\n<p><strong>Cookies persistentes<\/strong>: Los datos siguen almacenados en el terminal y pueden ser accedidos y tratados durante un periodo definido por el responsable de la cookie, y que puede ir de unos minutos a varios a\u00f1os.<\/p>\n\n\n\n<p><strong>Seg\u00fan su finalidad<\/strong>:<\/p>\n\n\n\n<p><strong>Cookies t\u00e9cnicas<\/strong>: Aquellas que permiten al usuario la navegaci\u00f3n a trav\u00e9s de una p\u00e1gina web, plataforma o aplicaci\u00f3n y la utilizaci\u00f3n de las diferentes opciones o servicios que en ella existan como, por ejemplo, controlar el tr\u00e1fico y la comunicaci\u00f3n de datos, identificar la sesi\u00f3n, acceder a partes de acceso restringido, recordar los elementos que integran un pedido, realizar el proceso de compra de un pedido, realizar la solicitud de inscripci\u00f3n o participaci\u00f3n en un evento, utilizar elementos de seguridad durante la navegaci\u00f3n, almacenar contenidos para la difusi\u00f3n de v\u00eddeos o sonido o compartir contenidos a trav\u00e9s de redes sociales.<\/p>\n\n\n\n<p><strong>Cookies de personalizaci\u00f3n<\/strong>: Permiten al usuario acceder al servicio con algunas caracter\u00edsticas de car\u00e1cter general predefinidas en funci\u00f3n de una serie de criterios en el terminal del usuario como por ejemplo serian el idioma, el tipo de navegador a trav\u00e9s del cual accede al servicio, la configuraci\u00f3n regional desde donde accede al servicio, etc.<\/p>\n\n\n\n<p><strong>Cookies de an\u00e1lisis<\/strong>: Permiten al responsable de las mismas, el seguimiento y an\u00e1lisis del comportamiento de los usuarios de los sitios web a los que est\u00e1n vinculadas. La informaci\u00f3n recogida mediante este tipo de cookies se utiliza en la medici\u00f3n de la actividad de los sitios web, aplicaci\u00f3n o plataforma y para la elaboraci\u00f3n de perfiles de navegaci\u00f3n de los usuarios de dichos sitios, aplicaciones y plataformas, con el fin de introducir mejoras en funci\u00f3n del an\u00e1lisis de los datos de uso que hacen los usuarios del servicio.<\/p>\n\n\n\n<p><strong>Cookies publicitarias<\/strong>: Permiten la gesti\u00f3n, de la forma m\u00e1s eficaz posible, de los espacios publicitarios. Almacenan informaci\u00f3n del comportamiento de los usuarios obtenida a trav\u00e9s de la observaci\u00f3n continuada de sus h\u00e1bitos de navegaci\u00f3n, lo que permite desarrollar un perfil espec\u00edfico para mostrar publicidad en funci\u00f3n del mismo.<\/p>\n\n\n\n<p><strong>Cookies de redes sociales externas<\/strong>: Se utilizan para que los visitantes puedan interactuar con el contenido de diferentes plataformas sociales (facebook, youtube, twitter, linkedIn, etc..) y que se generen \u00fanicamente para los usuarios de dichas redes sociales. Las condiciones de utilizaci\u00f3n de estas cookies y la informaci\u00f3n recopilada se regulan por la pol\u00edtica de privacidad de la plataforma social correspondiente.<\/p>\n\n\n\n<p><strong>\u00bfC\u00f3mo las utilizan los sitios web de Vishnevskii Pro (<strong>vishnevskii.pro<\/strong>)?<\/strong><\/p>\n\n\n\n<p>[wcc_category_list]<\/p>\n\n\n\n<p><strong>Desactivaci\u00f3n y eliminaci\u00f3n de cookies<\/strong>:<\/p>\n\n\n\n<p>Aunque nuestro sistema de gesti\u00f3n de cookies le permite habilitar y deshabilitar todas las cookies de vishnevskii.pro, no detendr\u00e1 todas las cookies de otros sitios web. Para hacer esto, puede cambiar su configuraci\u00f3n desde su navegador. La forma de deshabilitar las cookies es diferente para cada navegador, adem\u00e1s pueden cambiar de vez en cuando a medida que se lanzan nuevas versiones, pero normalmente puede hacerse desde el men\u00fa Herramientas u Opciones. Tambi\u00e9n puede consultarse el men\u00fa de Ayuda del navegador d\u00f3nde puedes encontrar instrucciones. El usuario podr\u00e1 en cualquier momento elegir qu\u00e9 cookies quiere que funcionen en este sitio web. Aqu\u00ed hay algunos enlaces a las instrucciones para los navegadores m\u00e1s comunes:<\/p>\n\n\n\n<p>Microsoft Internet Explorer o Microsoft Edge: http:\/\/windows.microsoft.com\/es-es\/windows-vista\/Block-or-allow-cookies<\/p>\n\n\n\n<p>Mozilla Firefox: http:\/\/support.mozilla.org\/es\/kb\/impedir-que-los-sitios-web-guarden-sus-preferencia<\/p>\n\n\n\n<p>Chrome: https:\/\/support.google.com\/accounts\/answer\/61416?hl=es<\/p>\n\n\n\n<p>Safari: http:\/\/safari.helpmax.net\/es\/privacidad-y-seguridad\/como-gestionar-las-cookies\/<\/p>\n\n\n\n<p>Opera: http:\/\/help.opera.com\/Linux\/10.60\/es-ES\/cookies.html<\/p>\n\n\n\n<p>Adem\u00e1s, tambi\u00e9n puede gestionar el almac\u00e9n de cookies en su navegador a trav\u00e9s de herramientas como las siguientes: Ghostery: www.ghostery.com\/ Your Online Choices: www.youronlinechoices.com\/es\/ Para otros navegadores, intente buscar \u00abadministrar cookies en (nombre del navegador)\u00bb.<\/p>\n\n\n\n<p><strong>\u00bfActualizamos nuestra Pol\u00edtica de Cookies?<\/strong><\/p>\n\n\n\n<p>Es posible que actualicemos la Pol\u00edtica de Cookies de nuestro Sitio Web, por ello le recomendamos revisar esta pol\u00edtica cada vez que acceda a nuestro Sitio Web con el objetivo de estar adecuadamente informado sobre c\u00f3mo y para qu\u00e9 usamos las cookies. La Pol\u00edtica de Cookies se actualiz\u00f3 por \u00faltima vez a fecha [10 de mayo de 2025]<\/p>","protected":false},"excerpt":{"rendered":"<p>Este sitio web, al igual que la mayor\u00eda de los sitios en Internet, usa Cookies para mejorar y optimizar la&#8230;<\/p>","protected":false},"author":3,"featured_media":0,"parent":0,"menu_order":0,"comment_status":"closed","ping_status":"closed","template":"","meta":{"_acf_changed":false,"footnotes":""},"class_list":["post-2004","page","type-page","status-publish","hentry"],"acf":[],"yoast_head":"<!-- This site is optimized with the Yoast SEO Premium plugin v25.6 (Yoast SEO v27.2) - https:\/\/yoast.com\/product\/yoast-seo-premium-wordpress\/ -->\n<title>Pol\u00edtica de cookies - Nick Vishnevskii<\/title>\n<meta name=\"robots\" content=\"index, follow, max-snippet:-1, max-image-preview:large, max-video-preview:-1\" \/>\n<link rel=\"canonical\" href=\"https:\/\/vishnevskii.pro\/en\/politica-de-cookies\/\" \/>\n<meta property=\"og:locale\" content=\"en_GB\" \/>\n<meta property=\"og:type\" content=\"article\" \/>\n<meta property=\"og:title\" content=\"Pol\u00edtica de cookies\" \/>\n<meta property=\"og:description\" content=\"Este sitio web, al igual que la mayor\u00eda de los sitios en Internet, usa Cookies para mejorar y optimizar la...\" \/>\n<meta property=\"og:url\" content=\"https:\/\/vishnevskii.pro\/en\/politica-de-cookies\/\" \/>\n<meta property=\"og:site_name\" content=\"Nick Vishnevskii\" \/>\n<meta property=\"article:modified_time\" content=\"2025-09-01T14:42:28+00:00\" \/>\n<meta name=\"twitter:card\" content=\"summary_large_image\" \/>\n<meta name=\"twitter:label1\" content=\"Estimated reading time\" \/>\n\t<meta name=\"twitter:data1\" content=\"5 minutes\" \/>\n<script type=\"application\/ld+json\" class=\"yoast-schema-graph\">{\"@context\":\"https:\/\/schema.org\",\"@graph\":[{\"@type\":\"WebPage\",\"@id\":\"https:\/\/vishnevskii.pro\/politica-de-cookies\/\",\"url\":\"https:\/\/vishnevskii.pro\/politica-de-cookies\/\",\"name\":\"Pol\u00edtica de cookies - Nick Vishnevskii\",\"isPartOf\":{\"@id\":\"https:\/\/vishnevskii.pro\/#website\"},\"datePublished\":\"2025-08-14T20:25:05+00:00\",\"dateModified\":\"2025-09-01T14:42:28+00:00\",\"breadcrumb\":{\"@id\":\"https:\/\/vishnevskii.pro\/politica-de-cookies\/#breadcrumb\"},\"inLanguage\":\"en-GB\",\"potentialAction\":[{\"@type\":\"ReadAction\",\"target\":[\"https:\/\/vishnevskii.pro\/politica-de-cookies\/\"]}]},{\"@type\":\"BreadcrumbList\",\"@id\":\"https:\/\/vishnevskii.pro\/politica-de-cookies\/#breadcrumb\",\"itemListElement\":[{\"@type\":\"ListItem\",\"position\":1,\"name\":\"Home\",\"item\":\"https:\/\/vishnevskii.pro\/\"},{\"@type\":\"ListItem\",\"position\":2,\"name\":\"Pol\u00edtica de cookies\"}]},{\"@type\":\"WebSite\",\"@id\":\"https:\/\/vishnevskii.pro\/#website\",\"url\":\"https:\/\/vishnevskii.pro\/\",\"name\":\"Nick Vishnevskii\",\"description\":\"\",\"publisher\":{\"@id\":\"https:\/\/vishnevskii.pro\/#organization\"},\"potentialAction\":[{\"@type\":\"SearchAction\",\"target\":{\"@type\":\"EntryPoint\",\"urlTemplate\":\"https:\/\/vishnevskii.pro\/?s={search_term_string}\"},\"query-input\":{\"@type\":\"PropertyValueSpecification\",\"valueRequired\":true,\"valueName\":\"search_term_string\"}}],\"inLanguage\":\"en-GB\"},{\"@type\":\"Organization\",\"@id\":\"https:\/\/vishnevskii.pro\/#organization\",\"name\":\"Nick Vishnevskii\",\"url\":\"https:\/\/vishnevskii.pro\/\",\"logo\":{\"@type\":\"ImageObject\",\"inLanguage\":\"en-GB\",\"@id\":\"https:\/\/vishnevskii.pro\/#\/schema\/logo\/image\/\",\"url\":\"https:\/\/vishnevskii.pro\/wp-content\/uploads\/2025\/06\/Nikita-Vishnevskii.png\",\"contentUrl\":\"https:\/\/vishnevskii.pro\/wp-content\/uploads\/2025\/06\/Nikita-Vishnevskii.png\",\"width\":217,\"height\":76,\"caption\":\"Nick Vishnevskii\"},\"image\":{\"@id\":\"https:\/\/vishnevskii.pro\/#\/schema\/logo\/image\/\"}}]}<\/script>\n<!-- \/ Yoast SEO Premium plugin. -->","yoast_head_json":{"title":"Pol\u00edtica de cookies - Nick Vishnevskii","robots":{"index":"index","follow":"follow","max-snippet":"max-snippet:-1","max-image-preview":"max-image-preview:large","max-video-preview":"max-video-preview:-1"},"canonical":"https:\/\/vishnevskii.pro\/en\/politica-de-cookies\/","og_locale":"en_GB","og_type":"article","og_title":"Pol\u00edtica de cookies","og_description":"Este sitio web, al igual que la mayor\u00eda de los sitios en Internet, usa Cookies para mejorar y optimizar la...","og_url":"https:\/\/vishnevskii.pro\/en\/politica-de-cookies\/","og_site_name":"Nick Vishnevskii","article_modified_time":"2025-09-01T14:42:28+00:00","twitter_card":"summary_large_image","twitter_misc":{"Estimated reading time":"5 minutes"},"schema":{"@context":"https:\/\/schema.org","@graph":[{"@type":"WebPage","@id":"https:\/\/vishnevskii.pro\/politica-de-cookies\/","url":"https:\/\/vishnevskii.pro\/politica-de-cookies\/","name":"Pol\u00edtica de cookies - Nick Vishnevskii","isPartOf":{"@id":"https:\/\/vishnevskii.pro\/#website"},"datePublished":"2025-08-14T20:25:05+00:00","dateModified":"2025-09-01T14:42:28+00:00","breadcrumb":{"@id":"https:\/\/vishnevskii.pro\/politica-de-cookies\/#breadcrumb"},"inLanguage":"en-GB","potentialAction":[{"@type":"ReadAction","target":["https:\/\/vishnevskii.pro\/politica-de-cookies\/"]}]},{"@type":"BreadcrumbList","@id":"https:\/\/vishnevskii.pro\/politica-de-cookies\/#breadcrumb","itemListElement":[{"@type":"ListItem","position":1,"name":"Home","item":"https:\/\/vishnevskii.pro\/"},{"@type":"ListItem","position":2,"name":"Pol\u00edtica de cookies"}]},{"@type":"WebSite","@id":"https:\/\/vishnevskii.pro\/#website","url":"https:\/\/vishnevskii.pro\/","name":"Nick Vishnevskii","description":"","publisher":{"@id":"https:\/\/vishnevskii.pro\/#organization"},"potentialAction":[{"@type":"SearchAction","target":{"@type":"EntryPoint","urlTemplate":"https:\/\/vishnevskii.pro\/?s={search_term_string}"},"query-input":{"@type":"PropertyValueSpecification","valueRequired":true,"valueName":"search_term_string"}}],"inLanguage":"en-GB"},{"@type":"Organization","@id":"https:\/\/vishnevskii.pro\/#organization","name":"Nick Vishnevskii","url":"https:\/\/vishnevskii.pro\/","logo":{"@type":"ImageObject","inLanguage":"en-GB","@id":"https:\/\/vishnevskii.pro\/#\/schema\/logo\/image\/","url":"https:\/\/vishnevskii.pro\/wp-content\/uploads\/2025\/06\/Nikita-Vishnevskii.png","contentUrl":"https:\/\/vishnevskii.pro\/wp-content\/uploads\/2025\/06\/Nikita-Vishnevskii.png","width":217,"height":76,"caption":"Nick Vishnevskii"},"image":{"@id":"https:\/\/vishnevskii.pro\/#\/schema\/logo\/image\/"}}]}},"_links":{"self":[{"href":"https:\/\/vishnevskii.pro\/en\/wp-json\/wp\/v2\/pages\/2004","targetHints":{"allow":["GET"]}}],"collection":[{"href":"https:\/\/vishnevskii.pro\/en\/wp-json\/wp\/v2\/pages"}],"about":[{"href":"https:\/\/vishnevskii.pro\/en\/wp-json\/wp\/v2\/types\/page"}],"author":[{"embeddable":true,"href":"https:\/\/vishnevskii.pro\/en\/wp-json\/wp\/v2\/users\/3"}],"replies":[{"embeddable":true,"href":"https:\/\/vishnevskii.pro\/en\/wp-json\/wp\/v2\/comments?post=2004"}],"version-history":[{"count":2,"href":"https:\/\/vishnevskii.pro\/en\/wp-json\/wp\/v2\/pages\/2004\/revisions"}],"predecessor-version":[{"id":2880,"href":"https:\/\/vishnevskii.pro\/en\/wp-json\/wp\/v2\/pages\/2004\/revisions\/2880"}],"wp:attachment":[{"href":"https:\/\/vishnevskii.pro\/en\/wp-json\/wp\/v2\/media?parent=2004"}],"curies":[{"name":"wp","href":"https:\/\/api.w.org\/{rel}","templated":true}]}}