{"id":2002,"date":"2025-08-14T22:20:59","date_gmt":"2025-08-14T20:20:59","guid":{"rendered":"https:\/\/vishnevskii.pro\/?page_id=2002"},"modified":"2025-09-01T16:42:19","modified_gmt":"2025-09-01T14:42:19","slug":"aviso-legal","status":"publish","type":"page","link":"https:\/\/vishnevskii.pro\/en\/aviso-legal\/","title":{"rendered":"Aviso legal"},"content":{"rendered":"<p>En cumplimiento de la Ley 34\/2002, de 11 de julio, de Servicios de la Sociedad de la Informaci\u00f3n y Comercio Electr\u00f3nico (LSSI CE), ponemos a disposici\u00f3n de los usuarios los datos de nuestra empresa, como propietaria de este sitio web:<\/p>\n\n\n\n<p><strong>Responsable del tratamiento:<\/strong><\/p>\n\n\n\n<p>-Denominaci\u00f3n Social: NIKITA VISHNEVSKII<\/p>\n\n\n\n<p>-NIF: Z1285867B<\/p>\n\n\n\n<p>-Nombre Comercial: VISHNEVSKII PRO<\/p>\n\n\n\n<p>-Domicilio Social: Carrer Cardenal Belluga, 3, 2\u00ba Izquierda, 03005 Alicante<\/p>\n\n\n\n<p>-Responsable de Seguridad: Nikita Vishnevskii<\/p>\n\n\n\n<p>Datos de Contacto:<\/p>\n\n\n\n<p>\u2013 Tel\u00e9fono: [Tel\u00e9fono]<\/p>\n\n\n\n<p>\u2013 Email: <a href=\"mailto:nick@vishnevskii.pro\">nick@vishnevskii.pro<\/a><\/p>\n\n\n\n<p>\u2013 Formulario de contacto: <a href=\"https:\/\/vishnevskii.pro\/en\/contact\/\">https:\/\/vishnevskii.pro\/contact<\/a><\/p>\n\n\n\n<p>Registros:<\/p>\n\n\n\n<p>-Registro de Tratamientos conforme al RGPD: Clientes,Proveedores, Empleados y Usuarios Web.<\/p>\n\n\n\n<p>-Nombre de dominio (sitio web): <a href=\"https:\/\/vishnevskii.pro\/en\/\">https:\/\/vishnevskii.pro\/<\/a><\/p>\n\n\n\n<p><strong>OBJETO<\/strong><\/p>\n\n\n\n<p>Nikita Vishnevskii, responsable del sitio web, pone a disposici\u00f3n de los usuarios el presente documento con el que pretende dar cumplimiento a las obligaciones dispuestas en la Ley 34\/2002, de Servicios de la Sociedad de la Informaci\u00f3n y del Comercio Electr\u00f3nico (LSSI-CE), as\u00ed como informar a todos los usuarios del sitio web respecto a cu\u00e1les son las condiciones de uso de este.<\/p>\n\n\n\n<p>Toda persona que acceda a este sitio web asume el papel de usuario, comprometi\u00e9ndose a la observancia y cumplimiento riguroso de las disposiciones aqu\u00ed dispuestas, as\u00ed como a cualquiera otra disposici\u00f3n legal que fuera de aplicaci\u00f3n.<\/p>\n\n\n\n<p>Nikita Vishnevskii se reserva el derecho a modificar cualquier tipo de informaci\u00f3n que pudiera aparecer en el sitio web, sin que exista obligaci\u00f3n de preavisar o poner en conocimiento de los usuarios dichas obligaciones, entendi\u00e9ndose como suficiente con la publicaci\u00f3n en el sitio web.<\/p>\n\n\n\n<p><strong><br>Condiciones de uso<\/strong>.<\/p>\n\n\n\n<p>Este Sitio Web contiene textos elaborados con fines meramente informativos o divulgativos, que pueden no reflejar el estado actual de la legislaci\u00f3n o la jurisprudencia, y que se refieren a situaciones generales, por lo que su contenido no debe ser aplicado necesariamente por el usuario a casos concretos.<\/p>\n\n\n\n<p>En esta web se detallan los servicios ofrecidos por Nikita Vishnevskii. Su uso implica la aceptaci\u00f3n de las siguientes condiciones, declinando realizar cualquier reclamaci\u00f3n sobre las mismas:<\/p>\n\n\n\n<p>a)&nbsp;El uso de esta web est\u00e1 dirigido a personas mayores de edad.<\/p>\n\n\n\n<p>b) Nikita Vishnevskii podr\u00e1 modificar el contenido de la web, sus servicios, tarifas, garant\u00edas, etc., en cualquier momento y sin previo aviso.<\/p>\n\n\n\n<p>c) Nikita Vishnevskii puede poner a disposici\u00f3n del usuario enlaces u otros elementos que permiten el acceso hacia otros sitios web pertenecientes a terceros. No comercializamos los productos y servicios de dichas p\u00e1ginas enlazadas, ni asumimos ning\u00fan tipo de responsabilidad sobre las mismas, ni sobre la informaci\u00f3n contenida en ellas, ni su veracidad o licitud, ni de cualesquiera efectos que pudieran derivarse. En todo caso, Nikita Vishnevskii manifiesta que proceder\u00e1 a la retirada inmediata de cualquier contenido que pudiera contravenir la legislaci\u00f3n nacional o internacional, la moral o el orden p\u00fablico, procediendo a la retirada inmediata de la redirecci\u00f3n a dicho sitio web, poniendo en conocimiento de las autoridades competentes el contenido en cuesti\u00f3n.<\/p>\n\n\n\n<p>d)&nbsp;Los precios indicados en la web, de haberlos, ser\u00e1n v\u00e1lidos salvo error tipogr\u00e1fico, y susceptibles de cambios sin previo aviso.<\/p>\n\n\n\n<p>e)&nbsp;No es necesario registrarse en la web, ni facilitar ning\u00fan tipo de dato personal, para navegar por la misma.<\/p>\n\n\n\n<p>f) Nikita Vishnevskii no puede garantizar el funcionamiento ininterrumpido o totalmente libre de errores de esta web. Por tanto, no nos hacemos responsables de ning\u00fan da\u00f1o causado por el uso de este sitio.<\/p>\n\n\n\n<p>g) Nikita Vishnevskii ofrece sus servicios y productos de manera indefinida, pudiendo, no obstante, suspender la prestaci\u00f3n de los mismos, unilateralmente y sin previo aviso.<\/p>\n\n\n\n<p>h) Nikita Vishnevskii no se har\u00e1 responsable de los da\u00f1os y perjuicios, propios o a terceros, producidos por un mal uso de esta web por parte del cliente.<\/p>\n\n\n\n<p>i)&nbsp;El usuario se compromete a no utilizar esta web ni los servicios ofrecidos en ella para la realizaci\u00f3n de actividades contrarias a la ley, al orden p\u00fablico o a estas condiciones.<\/p>\n\n\n\n<p>j) Nikita Vishnevskii no se responsabiliza de los virus que tengan su origen en una transmisi\u00f3n telem\u00e1tica infiltrados por terceros generados con la finalidad de obtener resultados negativos para un sistema inform\u00e1tico.<\/p>\n\n\n\n<p>k) Nikita Vishnevskii no se hace responsable de la informaci\u00f3n y contenidos almacenados, a t\u00edtulo enunciativo pero no limitativo, en foros, chat\u00b4s, generadores de blogs, comentarios, redes sociales o cualesquiera otro medio que permita a terceros publicar contenidos de forma independiente en la p\u00e1gina web del prestador. No obstante y en cumplimiento de lo dispuesto en el art. 11 y 16 de la LSSI-CE, Nikita Vishnevskii se pone a disposici\u00f3n de todos los usuarios, autoridades y fuerzas de seguridad, y colaborando de forma activa en la retirada o en su caso bloqueo de todos aquellos contenidos que pudieran afectar o contravenir la legislaci\u00f3n nacional, o internacional, derechos de terceros o la moral y el orden p\u00fablico. En caso de que el usuario considere que existe en el sitio web alg\u00fan contenido que pudiera ser susceptible de esta clasificaci\u00f3n, se ruega lo notifique de forma inmediata al administrador del sitio web.<\/p>\n\n\n\n<p>l) Este sitio web ha sido revisado y probado para que funcione correctamente. En principio, puede garantizarse el correcto funcionamiento los 365 d\u00edas del a\u00f1o, 24 horas al d\u00eda. No obstante, Nikita Vishnevskii no descarta la posibilidad de que existan ciertos errores de programaci\u00f3n, o que acontezcan causas de fuerza mayor, cat\u00e1strofes naturales, huelgas, o circunstancias semejantes que hagan imposible el acceso a la p\u00e1gina web.<\/p>\n\n\n\n<p>En definitiva, el usuario es el \u00fanico responsable del uso que realice de los servicios, contenidos y enlaces incluidos esta web.<\/p>\n\n\n\n<p><strong>Propiedad intelectual<\/strong>.<\/p>\n\n\n\n<p>El sitio web, incluyendo a t\u00edtulo enunciativo pero no limitativo su programaci\u00f3n, edici\u00f3n, compilaci\u00f3n y dem\u00e1s elementos necesarios para su funcionamiento, los dise\u00f1os, logotipos, texto y\/o gr\u00e1ficos son propiedad de Nikita Vishnevskii o en su caso dispone de licencia o autorizaci\u00f3n expresa por parte de los autores.<\/p>\n\n\n\n<p>Todos los contenidos del sitio web se encuentran debidamente protegidos por la normativa de propiedad intelectual e industrial, as\u00ed como inscritos en los registros p\u00fablicos correspondientes, y no se permite la reproducci\u00f3n y\/o publicaci\u00f3n, total o parcial, del sitio web, ni su tratamiento inform\u00e1tico, su distribuci\u00f3n, difusi\u00f3n, modificaci\u00f3n o transformaci\u00f3n, sin el permiso previo y por escrito del mismo.<\/p>\n\n\n\n<p>Los dise\u00f1os, logotipos, texto y\/o gr\u00e1ficos ajenos a Nikita Vishnevskii y que pudieran aparecer en el sitio web, pertenecen a sus respectivos propietarios, siendo ellos mismos responsables de cualquier posible controversia que pudiera suscitarse respecto a los mismos. En todo caso, Nikita Vishnevskii cuenta con la autorizaci\u00f3n expresa y previa por parte de los mismos. Nikita Vishnevskii reconoce a favor de sus titulares los correspondientes derechos de propiedad industrial e intelectual, no implicando su sola menci\u00f3n o aparici\u00f3n en el sitio web la existencia de derechos o responsabilidad alguna del prestador sobre los mismos, como tampoco respaldo, patrocinio o recomendaci\u00f3n por parte del mismo.<\/p>\n\n\n\n<p>El usuario puede utilizar el material que aparezca en este sitio web para su uso personal y privado, quedando prohibido su uso con fines comerciales. Mar\u00eda Dolores Carrillo Clemente velar\u00e1 por el cumplimiento de las anteriores condiciones, como por la debida utilizaci\u00f3n de los contenidos presentados en sus p\u00e1ginas web, ejercitando todas las acciones civiles y penales que le correspondan en el caso de infracci\u00f3n o incumplimiento de estos derechos por parte del usuario.<\/p>\n\n\n\n<p><strong>Ley aplicable y jurisdicci\u00f3n<\/strong>.<\/p>\n\n\n\n<p>Las presentes Condiciones de Uso del sitio web se rigen en todos y cada uno de sus extremos por la ley espa\u00f1ola. El idioma de redacci\u00f3n e interpretaci\u00f3n de este aviso legal es el espa\u00f1ol. Para la resoluci\u00f3n de todas las controversias o cuestiones relacionadas con el presente sitio web o de las actividades en \u00e9l desarrolladas, ser\u00e1 de aplicaci\u00f3n la legislaci\u00f3n espa\u00f1ola, a la que se someten expresamente las partes, siendo competentes para la resoluci\u00f3n de todos los conflictos derivados o relacionados con su uso los Juzgados y Tribunales de Huelva.<\/p>","protected":false},"excerpt":{"rendered":"<p>En cumplimiento de la Ley 34\/2002, de 11 de julio, de Servicios de la Sociedad de la Informaci\u00f3n y Comercio&#8230;<\/p>","protected":false},"author":3,"featured_media":0,"parent":0,"menu_order":0,"comment_status":"closed","ping_status":"closed","template":"","meta":{"_acf_changed":false,"footnotes":""},"class_list":["post-2002","page","type-page","status-publish","hentry"],"acf":[],"yoast_head":"<!-- This site is optimized with the Yoast SEO Premium plugin v25.6 (Yoast SEO v27.2) - https:\/\/yoast.com\/product\/yoast-seo-premium-wordpress\/ -->\n<title>Aviso legal - Nick Vishnevskii<\/title>\n<meta name=\"robots\" content=\"index, follow, max-snippet:-1, max-image-preview:large, max-video-preview:-1\" \/>\n<link rel=\"canonical\" href=\"https:\/\/vishnevskii.pro\/en\/aviso-legal\/\" \/>\n<meta property=\"og:locale\" content=\"en_GB\" \/>\n<meta property=\"og:type\" content=\"article\" \/>\n<meta property=\"og:title\" content=\"Aviso legal\" \/>\n<meta property=\"og:description\" content=\"En cumplimiento de la Ley 34\/2002, de 11 de julio, de Servicios de la Sociedad de la Informaci\u00f3n y Comercio...\" \/>\n<meta property=\"og:url\" content=\"https:\/\/vishnevskii.pro\/en\/aviso-legal\/\" \/>\n<meta property=\"og:site_name\" content=\"Nick Vishnevskii\" \/>\n<meta property=\"article:modified_time\" content=\"2025-09-01T14:42:19+00:00\" \/>\n<meta name=\"twitter:card\" content=\"summary_large_image\" \/>\n<script type=\"application\/ld+json\" class=\"yoast-schema-graph\">{\"@context\":\"https:\/\/schema.org\",\"@graph\":[{\"@type\":\"WebPage\",\"@id\":\"https:\/\/vishnevskii.pro\/aviso-legal\/\",\"url\":\"https:\/\/vishnevskii.pro\/aviso-legal\/\",\"name\":\"Aviso legal - Nick Vishnevskii\",\"isPartOf\":{\"@id\":\"https:\/\/vishnevskii.pro\/#website\"},\"datePublished\":\"2025-08-14T20:20:59+00:00\",\"dateModified\":\"2025-09-01T14:42:19+00:00\",\"breadcrumb\":{\"@id\":\"https:\/\/vishnevskii.pro\/aviso-legal\/#breadcrumb\"},\"inLanguage\":\"en-GB\",\"potentialAction\":[{\"@type\":\"ReadAction\",\"target\":[\"https:\/\/vishnevskii.pro\/aviso-legal\/\"]}]},{\"@type\":\"BreadcrumbList\",\"@id\":\"https:\/\/vishnevskii.pro\/aviso-legal\/#breadcrumb\",\"itemListElement\":[{\"@type\":\"ListItem\",\"position\":1,\"name\":\"Home\",\"item\":\"https:\/\/vishnevskii.pro\/\"},{\"@type\":\"ListItem\",\"position\":2,\"name\":\"Aviso legal\"}]},{\"@type\":\"WebSite\",\"@id\":\"https:\/\/vishnevskii.pro\/#website\",\"url\":\"https:\/\/vishnevskii.pro\/\",\"name\":\"Nick Vishnevskii\",\"description\":\"\",\"publisher\":{\"@id\":\"https:\/\/vishnevskii.pro\/#organization\"},\"potentialAction\":[{\"@type\":\"SearchAction\",\"target\":{\"@type\":\"EntryPoint\",\"urlTemplate\":\"https:\/\/vishnevskii.pro\/?s={search_term_string}\"},\"query-input\":{\"@type\":\"PropertyValueSpecification\",\"valueRequired\":true,\"valueName\":\"search_term_string\"}}],\"inLanguage\":\"en-GB\"},{\"@type\":\"Organization\",\"@id\":\"https:\/\/vishnevskii.pro\/#organization\",\"name\":\"Nick Vishnevskii\",\"url\":\"https:\/\/vishnevskii.pro\/\",\"logo\":{\"@type\":\"ImageObject\",\"inLanguage\":\"en-GB\",\"@id\":\"https:\/\/vishnevskii.pro\/#\/schema\/logo\/image\/\",\"url\":\"https:\/\/vishnevskii.pro\/wp-content\/uploads\/2025\/06\/Nikita-Vishnevskii.png\",\"contentUrl\":\"https:\/\/vishnevskii.pro\/wp-content\/uploads\/2025\/06\/Nikita-Vishnevskii.png\",\"width\":217,\"height\":76,\"caption\":\"Nick Vishnevskii\"},\"image\":{\"@id\":\"https:\/\/vishnevskii.pro\/#\/schema\/logo\/image\/\"}}]}<\/script>\n<!-- \/ Yoast SEO Premium plugin. -->","yoast_head_json":{"title":"Aviso legal - Nick Vishnevskii","robots":{"index":"index","follow":"follow","max-snippet":"max-snippet:-1","max-image-preview":"max-image-preview:large","max-video-preview":"max-video-preview:-1"},"canonical":"https:\/\/vishnevskii.pro\/en\/aviso-legal\/","og_locale":"en_GB","og_type":"article","og_title":"Aviso legal","og_description":"En cumplimiento de la Ley 34\/2002, de 11 de julio, de Servicios de la Sociedad de la Informaci\u00f3n y Comercio...","og_url":"https:\/\/vishnevskii.pro\/en\/aviso-legal\/","og_site_name":"Nick Vishnevskii","article_modified_time":"2025-09-01T14:42:19+00:00","twitter_card":"summary_large_image","schema":{"@context":"https:\/\/schema.org","@graph":[{"@type":"WebPage","@id":"https:\/\/vishnevskii.pro\/aviso-legal\/","url":"https:\/\/vishnevskii.pro\/aviso-legal\/","name":"Aviso legal - Nick Vishnevskii","isPartOf":{"@id":"https:\/\/vishnevskii.pro\/#website"},"datePublished":"2025-08-14T20:20:59+00:00","dateModified":"2025-09-01T14:42:19+00:00","breadcrumb":{"@id":"https:\/\/vishnevskii.pro\/aviso-legal\/#breadcrumb"},"inLanguage":"en-GB","potentialAction":[{"@type":"ReadAction","target":["https:\/\/vishnevskii.pro\/aviso-legal\/"]}]},{"@type":"BreadcrumbList","@id":"https:\/\/vishnevskii.pro\/aviso-legal\/#breadcrumb","itemListElement":[{"@type":"ListItem","position":1,"name":"Home","item":"https:\/\/vishnevskii.pro\/"},{"@type":"ListItem","position":2,"name":"Aviso legal"}]},{"@type":"WebSite","@id":"https:\/\/vishnevskii.pro\/#website","url":"https:\/\/vishnevskii.pro\/","name":"Nick Vishnevskii","description":"","publisher":{"@id":"https:\/\/vishnevskii.pro\/#organization"},"potentialAction":[{"@type":"SearchAction","target":{"@type":"EntryPoint","urlTemplate":"https:\/\/vishnevskii.pro\/?s={search_term_string}"},"query-input":{"@type":"PropertyValueSpecification","valueRequired":true,"valueName":"search_term_string"}}],"inLanguage":"en-GB"},{"@type":"Organization","@id":"https:\/\/vishnevskii.pro\/#organization","name":"Nick Vishnevskii","url":"https:\/\/vishnevskii.pro\/","logo":{"@type":"ImageObject","inLanguage":"en-GB","@id":"https:\/\/vishnevskii.pro\/#\/schema\/logo\/image\/","url":"https:\/\/vishnevskii.pro\/wp-content\/uploads\/2025\/06\/Nikita-Vishnevskii.png","contentUrl":"https:\/\/vishnevskii.pro\/wp-content\/uploads\/2025\/06\/Nikita-Vishnevskii.png","width":217,"height":76,"caption":"Nick Vishnevskii"},"image":{"@id":"https:\/\/vishnevskii.pro\/#\/schema\/logo\/image\/"}}]}},"_links":{"self":[{"href":"https:\/\/vishnevskii.pro\/en\/wp-json\/wp\/v2\/pages\/2002","targetHints":{"allow":["GET"]}}],"collection":[{"href":"https:\/\/vishnevskii.pro\/en\/wp-json\/wp\/v2\/pages"}],"about":[{"href":"https:\/\/vishnevskii.pro\/en\/wp-json\/wp\/v2\/types\/page"}],"author":[{"embeddable":true,"href":"https:\/\/vishnevskii.pro\/en\/wp-json\/wp\/v2\/users\/3"}],"replies":[{"embeddable":true,"href":"https:\/\/vishnevskii.pro\/en\/wp-json\/wp\/v2\/comments?post=2002"}],"version-history":[{"count":2,"href":"https:\/\/vishnevskii.pro\/en\/wp-json\/wp\/v2\/pages\/2002\/revisions"}],"predecessor-version":[{"id":2878,"href":"https:\/\/vishnevskii.pro\/en\/wp-json\/wp\/v2\/pages\/2002\/revisions\/2878"}],"wp:attachment":[{"href":"https:\/\/vishnevskii.pro\/en\/wp-json\/wp\/v2\/media?parent=2002"}],"curies":[{"name":"wp","href":"https:\/\/api.w.org\/{rel}","templated":true}]}}